{"id":16,"date":"2016-07-12T14:39:09","date_gmt":"2016-07-12T16:39:09","guid":{"rendered":"http:\/\/brettspillguiden.web09.meatdigital.no\/?page_id=16"},"modified":"2016-11-14T21:12:29","modified_gmt":"2016-11-14T23:12:29","slug":"brettspillpriser","status":"publish","type":"page","link":"https:\/\/brettspillguiden.no\/wordpress\/brettspillpriser\/","title":{"rendered":"Brettspillpriser"},"content":{"rendered":"<p>Fra den spede begynnelse p\u00e5 70-tallet er det i ferd \u00e5 vokse frem en skog av priser for brettspill, og n\u00e5 ser det ut til \u00e5 dukke opp en pris i hvert land p\u00e5 lik linje med bok-, film- og andre deler av underholdningsbransjen. Det er stor variasjon b\u00e5de p\u00e5 kvaliteten og gjennomf\u00f8ringen av prisene, men noe av det viktigste er vel at det ofte blir et vindu inn til et lands brettspillmarked. Det er tidvis ganske interessant \u00e5 se hvordan ting utvikler seg i andre land, og noen viser stor fremgang i lokal produksjon. Sl\u00e5 i hjel den neste timen med \u00e5 skumme rundt i jakten p\u00e5 kvalitetsspill.<\/p>\n<h3>P\u00e5 denne siden finner du informasjon om f\u00f8lgende Internasjonale brettspillpriser:<\/h3>\n<h2>Norden:<\/h2>\n<ul>\n<li>\u00c5rets Spill (Norge)<\/li>\n<li><a href=\"http:\/\/www.guldbrikken.dk\/prisen.html\">Guldbrikken<\/a> (Danmark)<\/li>\n<li><a href=\"http:\/\/aaretsspil.dk\/\">\u00c5rets spil<\/a> (Danmark)<\/li>\n<li><a href=\"http:\/\/www.bog-ide.dk\/aarets-braetspil\/\">Bog og Ide \u00c5rets Spil<\/a> (Danmark)<\/li>\n<li><a href=\"http:\/\/leksaksbranschen.se\/index.php\/utmarkelser\/arets-spel\">Guldt\u00e4rningen<\/a> (Sverige)<\/li>\n<li><a href=\"http:\/\/www.lautapeliopas.fi\/\">Vuoden Peli <\/a>(Finland)<\/li>\n<\/ul>\n<h2>Europa:<\/h2>\n<ul>\n<li><a href=\"http:\/\/www.spiel-des-jahres.com\/\">Spiel des Jahres<\/a> (Tyskland)<\/li>\n<li><a href=\"http:\/\/www.merz-verlag.com\/deutscher-spielepreis.html\">Deutscher Spiele Preis<\/a> (Tyskland)<\/li>\n<li><a href=\"http:\/\/www.festivaldesjeux-cannes.com\/5.aspx\">As d&#8217;Or<\/a> (Frankrike)<\/li>\n<li><a href=\"http:\/\/www.spielepreis.at\/wordpress\/\">Spiel der Spiele<\/a> (\u00d8sterike)<\/li>\n<li><a href=\"http:\/\/www.spellenprijs.nl\/\">Spellenprijs<\/a> (Nederland)<\/li>\n<\/ul>\n<h2>Nord-amerika:<\/h2>\n<ul>\n<li><a href=\"http:\/\/www.originsawards.net\/\">Origins<\/a> (USA)<\/li>\n<li><a href=\"https:\/\/boardgamegeek.com\/award\/8314\/golden-geek-awards\">Golden geek awards<\/a> (USA)<\/li>\n<li><a href=\"http:\/\/www.internationalgamersawards.net\/\">International Gamers Award<\/a> (USA)<\/li>\n<li><a href=\"http:\/\/mensamindgames.com\/about\/winning-games\/\">Mensa Select<\/a> (USA)<\/li>\n<li><a href=\"http:\/\/www.parents-choice.org\/allawards.cfm\">Parent\u2019s Choice Awards <\/a>(USA)<\/li>\n<li><a href=\"http:\/\/www.majorfun.com\/\">Major Fun<\/a> (USA)<\/li>\n<li><a href=\"http:\/\/www.toyawards.org\/\">Toy of the year<\/a> (USA)<\/li>\n<\/ul>\n<h2>Asia:<\/h2>\n<ul>\n<li><a href=\"http:\/\/www.u-more.com\/project\/JBP-e.shtml\">Japan Boardgame Prize<\/a> (Japan)<\/li>\n<\/ul>\n<p>&nbsp;<\/p>\n<p>&nbsp;<\/p>\n<p>&nbsp;<\/p>\n","protected":false},"excerpt":{"rendered":"<p>Fra den spede begynnelse p\u00e5 70-tallet er det i ferd \u00e5 vokse frem en skog av priser for brettspill, og n\u00e5 ser det ut til \u00e5 dukke opp en pris i hvert land p\u00e5 lik linje med bok-, film- og andre deler av underholdningsbransjen. Det er stor variasjon b\u00e5de p\u00e5 kvaliteten og gjennomf\u00f8ringen av prisene, men noe av det viktigste er vel at det ofte blir et vindu inn til et lands brettspillmarked. Det er tidvis ganske interessant \u00e5 se hvordan ting utvikler seg i andre land, og noen viser stor fremgang i lokal produksjon. Sl\u00e5 i hjel den neste <\/p>\n","protected":false},"author":19,"featured_media":0,"parent":0,"menu_order":0,"comment_status":"closed","ping_status":"closed","template":"","meta":{"footnotes":""},"class_list":["post-16","page","type-page","status-publish","hentry"],"_links":{"self":[{"href":"https:\/\/brettspillguiden.no\/wordpress\/wp-json\/wp\/v2\/pages\/16","targetHints":{"allow":["GET"]}}],"collection":[{"href":"https:\/\/brettspillguiden.no\/wordpress\/wp-json\/wp\/v2\/pages"}],"about":[{"href":"https:\/\/brettspillguiden.no\/wordpress\/wp-json\/wp\/v2\/types\/page"}],"author":[{"embeddable":true,"href":"https:\/\/brettspillguiden.no\/wordpress\/wp-json\/wp\/v2\/users\/19"}],"replies":[{"embeddable":true,"href":"https:\/\/brettspillguiden.no\/wordpress\/wp-json\/wp\/v2\/comments?post=16"}],"version-history":[{"count":5,"href":"https:\/\/brettspillguiden.no\/wordpress\/wp-json\/wp\/v2\/pages\/16\/revisions"}],"predecessor-version":[{"id":5163,"href":"https:\/\/brettspillguiden.no\/wordpress\/wp-json\/wp\/v2\/pages\/16\/revisions\/5163"}],"wp:attachment":[{"href":"https:\/\/brettspillguiden.no\/wordpress\/wp-json\/wp\/v2\/media?parent=16"}],"curies":[{"name":"wp","href":"https:\/\/api.w.org\/{rel}","templated":true}]}}