{"id":4894,"date":"2016-11-10T17:06:38","date_gmt":"2016-11-10T19:06:38","guid":{"rendered":"http:\/\/brettspillguiden.web09.meatdigital.no\/?page_id=4894"},"modified":"2016-11-14T08:49:32","modified_gmt":"2016-11-14T10:49:32","slug":"prosessen","status":"publish","type":"page","link":"https:\/\/brettspillguiden.no\/wordpress\/prosessen\/","title":{"rendered":"Prosessen"},"content":{"rendered":"<p>\u00c5rets Spill er en k\u00e5ring av de beste nye spillene for hvert \u00e5r. Spill som kan meldes p\u00e5 m\u00e5 ha blitt gitt ut \u00e5r f\u00f8r eller komme p\u00e5 markedet innev\u00e6rende \u00e5r. Prinsipielt \u00f8nsker vi at alle nye spill skal v\u00e6re med, men det er sjeldent mulig da enkelte utgivere ikke \u00f8nsker \u00e5 delta eller \u00f8nsker \u00e5 holde enkelte titler utenfor k\u00e5ringen. Normalt er p\u00e5meldingsfristen satt til 01.04.<\/p>\n<p>Alle spillene som meldes p\u00e5 havner i en av 3 kategorier; Barnespill, Familiespill eller Selskapsspill. Utgiverne melder p\u00e5 spillene i den kategorien de vil at spillet skal vurderes i, men <a href=\"http:\/\/brettspillguiden.no\">brettspillguiden.no<\/a> forbeholder seg retten til \u00e5 omplassere spill, om vi mener p\u00e5meldingen er gal.<\/p>\n<p>Alle spillene som meldes p\u00e5 spilles og vurderes av <a href=\"http:\/\/brettspillguiden.no\">brettspillguiden.no<\/a> paneldeltagerne, som hver for seg vurderer hver enkelt tittel p\u00e5 vanlig vis, og s\u00e5 legges de enkeltes vurderinger sammen og vi finner 5 nominerte spill i hver kategori. BSG nominasjonene er vanligvis klare medio juni.<\/p>\n<p>S\u00e5 settes det opp uavhengige (fra <a href=\"http:\/\/brettspillguiden.no\">brettspillguiden.no<\/a>) juryer, som hver best\u00e5r av 5 jurymedlemmer som heller ikke kjenner hverandre. BSG pr\u00f8ver \u00e5 sette sammen juryer p\u00e5 tvers av b\u00e5de kj\u00f8nn, alder og bosted i et fors\u00f8k p\u00e5 \u00e5 f\u00e5 s\u00e5 representative juryer som mulig. Hvert jurymedlem spiller s\u00e5 spillene med \u00absin\u00bb gruppe. S\u00e5 totalt er er det omtrent 60 personer som er med \u00e5 vurdere og k\u00e5re vinnerspillene, etter at BSG har nominert de 15 spillene vi mener er de beste av \u00e5ret. Dette er som regel klart pr medio oktober.<\/p>\n<p>Jurymedlemmene f\u00e5r ingen l\u00f8nn for \u00abarbeidet\u00bb, men f\u00e5r beholde alle de nominerte spillene i kategorien de er jurymedlemmer i. Vanligvis f\u00e5r de spillene tilsendt ultimo august.<\/p>\n","protected":false},"excerpt":{"rendered":"<p>\u00c5rets Spill er en k\u00e5ring av de beste nye spillene for hvert \u00e5r. Spill som kan meldes p\u00e5 m\u00e5 ha blitt gitt ut \u00e5r f\u00f8r eller komme p\u00e5 markedet innev\u00e6rende \u00e5r. Prinsipielt \u00f8nsker vi at alle nye spill skal v\u00e6re med, men det er sjeldent mulig da enkelte utgivere ikke \u00f8nsker \u00e5 delta eller \u00f8nsker \u00e5 holde enkelte titler utenfor k\u00e5ringen. Normalt er p\u00e5meldingsfristen satt til 01.04. Alle spillene som meldes p\u00e5 havner i en av 3 kategorier; Barnespill, Familiespill eller Selskapsspill. Utgiverne melder p\u00e5 spillene i den kategorien de vil at spillet skal vurderes i, men brettspillguiden.no forbeholder seg <\/p>\n","protected":false},"author":2,"featured_media":0,"parent":0,"menu_order":0,"comment_status":"closed","ping_status":"closed","template":"","meta":{"footnotes":""},"class_list":["post-4894","page","type-page","status-publish","hentry"],"_links":{"self":[{"href":"https:\/\/brettspillguiden.no\/wordpress\/wp-json\/wp\/v2\/pages\/4894","targetHints":{"allow":["GET"]}}],"collection":[{"href":"https:\/\/brettspillguiden.no\/wordpress\/wp-json\/wp\/v2\/pages"}],"about":[{"href":"https:\/\/brettspillguiden.no\/wordpress\/wp-json\/wp\/v2\/types\/page"}],"author":[{"embeddable":true,"href":"https:\/\/brettspillguiden.no\/wordpress\/wp-json\/wp\/v2\/users\/2"}],"replies":[{"embeddable":true,"href":"https:\/\/brettspillguiden.no\/wordpress\/wp-json\/wp\/v2\/comments?post=4894"}],"version-history":[{"count":3,"href":"https:\/\/brettspillguiden.no\/wordpress\/wp-json\/wp\/v2\/pages\/4894\/revisions"}],"predecessor-version":[{"id":5065,"href":"https:\/\/brettspillguiden.no\/wordpress\/wp-json\/wp\/v2\/pages\/4894\/revisions\/5065"}],"wp:attachment":[{"href":"https:\/\/brettspillguiden.no\/wordpress\/wp-json\/wp\/v2\/media?parent=4894"}],"curies":[{"name":"wp","href":"https:\/\/api.w.org\/{rel}","templated":true}]}}